{"id":74,"date":"2020-10-01T16:22:08","date_gmt":"2020-10-01T19:22:08","guid":{"rendered":"https:\/\/www.fiatlatam.com\/cr\/?page_id=74"},"modified":"2021-04-13T17:15:32","modified_gmt":"2021-04-13T20:15:32","slug":"contacto","status":"publish","type":"page","link":"https:\/\/www.fiatlatam.com\/cr\/contacto\/","title":{"rendered":"Contacto"},"content":{"rendered":"<h2 style=\"text-align: center;\">Contacto<\/h2>\n<p class=\"txt-bajada\" style=\"text-align: center;\">Dejanos tus datos y te contactaremos.<\/p>\n\n\n<div class=\"wp-block-contact-form-7-contact-form-selector\">\n<div class=\"wpcf7 no-js\" id=\"wpcf7-f6-o1\" lang=\"es-CL\" dir=\"ltr\" data-wpcf7-id=\"6\">\n<div class=\"screen-reader-response\"><p role=\"status\" aria-live=\"polite\" aria-atomic=\"true\"><\/p> <ul><\/ul><\/div>\n<form action=\"\/cr\/wp-json\/wp\/v2\/pages\/74#wpcf7-f6-o1\" method=\"post\" class=\"wpcf7-form init\" aria-label=\"Formulario de contacto\" novalidate=\"novalidate\" data-status=\"init\">\n<fieldset class=\"hidden-fields-container\"><input type=\"hidden\" name=\"_wpcf7\" value=\"6\" \/><input type=\"hidden\" name=\"_wpcf7_version\" value=\"6.1.1\" \/><input type=\"hidden\" name=\"_wpcf7_locale\" value=\"es_CL\" \/><input type=\"hidden\" name=\"_wpcf7_unit_tag\" value=\"wpcf7-f6-o1\" \/><input type=\"hidden\" name=\"_wpcf7_container_post\" value=\"0\" \/><input type=\"hidden\" name=\"_wpcf7_posted_data_hash\" value=\"\" \/><input type=\"hidden\" name=\"_wpcf7dtx_version\" value=\"5.0.3\" \/><input type=\"hidden\" name=\"_wpcf7cf_hidden_group_fields\" value=\"[]\" \/><input type=\"hidden\" name=\"_wpcf7cf_hidden_groups\" value=\"[]\" \/><input type=\"hidden\" name=\"_wpcf7cf_visible_groups\" value=\"[]\" \/><input type=\"hidden\" name=\"_wpcf7cf_repeaters\" value=\"[]\" \/><input type=\"hidden\" name=\"_wpcf7cf_steps\" value=\"{}\" \/><input type=\"hidden\" name=\"_wpcf7cf_options\" value=\"{&quot;form_id&quot;:6,&quot;conditions&quot;:[{&quot;then_field&quot;:&quot;group-tipo-consulta&quot;,&quot;and_rules&quot;:[{&quot;if_field&quot;:&quot;areasconsulta&quot;,&quot;operator&quot;:&quot;equals&quot;,&quot;if_value&quot;:&quot;Ventas&quot;}]},{&quot;then_field&quot;:&quot;group-tipo-consulta&quot;,&quot;and_rules&quot;:[{&quot;if_field&quot;:&quot;areasconsulta&quot;,&quot;operator&quot;:&quot;equals&quot;,&quot;if_value&quot;:&quot;Servicios&quot;}]},{&quot;then_field&quot;:&quot;group-tipo-consulta&quot;,&quot;and_rules&quot;:[{&quot;if_field&quot;:&quot;areasconsulta&quot;,&quot;operator&quot;:&quot;equals&quot;,&quot;if_value&quot;:&quot;Repuestos y Accesorios&quot;}]}],&quot;settings&quot;:{&quot;animation&quot;:&quot;yes&quot;,&quot;animation_intime&quot;:200,&quot;animation_outtime&quot;:200,&quot;conditions_ui&quot;:&quot;normal&quot;,&quot;notice_dismissed&quot;:false,&quot;notice_dismissed_rollback-cf7-5.8.3&quot;:true,&quot;notice_dismissed_rollback-cf7-5.9.5&quot;:true}}\" \/>\n<\/fieldset>\n<h4>CONSULTA\n<\/h4>\n<p><label>\u00c1rea de consulta<\/label><br \/>\n<span class=\"wpcf7-form-control-wrap\" data-name=\"areasconsulta\"><select class=\"wpcf7-form-control wpcf7-select\" aria-invalid=\"false\" name=\"areasconsulta\"><option value=\"\">Seleccion\u00e1 \u00c1rea...<\/option><option value=\"Ventas\">Ventas<\/option><option value=\"Servicios\">Servicios<\/option><option value=\"Repuestos y Accesorios\">Repuestos y Accesorios<\/option><\/select><\/span>\n<\/p>\n<div data-id=\"group-tipo-consulta\" data-orig_data_id=\"group-tipo-consulta\"  class=\"\" data-class=\"wpcf7cf_group\">\n\t<p><label>Tipo de consulta<\/label><br \/>\n<span class=\"wpcf7-form-control-wrap\" data-name=\"tipoconsulta\"><select class=\"wpcf7-form-control wpcf7-select\" aria-invalid=\"false\" name=\"tipoconsulta\"><option value=\"\">&#8212;Por favor, elige una opci\u00f3n&#8212;<\/option><option value=\"Cotizaci\u00f3n\">Cotizaci\u00f3n<\/option><option value=\"Consulta\">Consulta<\/option><option value=\"Reclamo\">Reclamo<\/option><\/select><\/span>\n\t<\/p>\n<\/div>\n<h4>DATOS PERSONALES\n<\/h4>\n<p><label>Nombre<\/label><br \/>\n<span class=\"wpcf7-form-control-wrap\" data-name=\"nombre\"><input size=\"40\" maxlength=\"400\" class=\"wpcf7-form-control wpcf7-text wpcf7-validates-as-required\" aria-required=\"true\" aria-invalid=\"false\" placeholder=\"Escrib\u00ed tu nombre\" value=\"\" type=\"text\" name=\"nombre\" \/><\/span><br \/>\n<label>Apellidos<\/label><br \/>\n<span class=\"wpcf7-form-control-wrap\" data-name=\"apellidos\"><input size=\"40\" maxlength=\"400\" class=\"wpcf7-form-control wpcf7-text wpcf7-validates-as-required\" aria-required=\"true\" aria-invalid=\"false\" placeholder=\"Escrib\u00ed ambos apellidos\" value=\"\" type=\"text\" name=\"apellidos\" \/><\/span><br \/>\n<label>C\u00e9dula de Identidad<\/label><br \/>\n<span class=\"wpcf7-form-control-wrap\" data-name=\"identidad\"><input size=\"40\" maxlength=\"400\" class=\"wpcf7-form-control wpcf7-text wpcf7-validates-as-required\" aria-required=\"true\" aria-invalid=\"false\" placeholder=\"Escrib\u00ed tu C\u00e9lula de identidad\" value=\"\" type=\"text\" name=\"identidad\" \/><\/span><br \/>\n<label>Correo Electr\u00f3nico<\/label><br \/>\n<span class=\"wpcf7-form-control-wrap\" data-name=\"email\"><input size=\"40\" maxlength=\"400\" class=\"wpcf7-form-control wpcf7-email wpcf7-validates-as-required wpcf7-text wpcf7-validates-as-email\" aria-required=\"true\" aria-invalid=\"false\" placeholder=\"Escrib\u00ed tu correo electr\u00f3nico\" value=\"\" type=\"email\" name=\"email\" \/><\/span><br \/>\n<label>Provincia<\/label><br \/>\n<span class=\"wpcf7-form-control-wrap\" data-name=\"provincia\"><select class=\"wpcf7-form-control wpcf7-select wpcf7-validates-as-required\" aria-required=\"true\" aria-invalid=\"false\" name=\"provincia\"><option value=\"San Jos\u00e9\">San Jos\u00e9<\/option><option value=\"Alajuela\">Alajuela<\/option><option value=\"Heredia\">Heredia<\/option><option value=\"Cartago\">Cartago<\/option><option value=\"Puntarenas\">Puntarenas<\/option><option value=\"Guanacaste\">Guanacaste<\/option><option value=\"Lim\u00f3n\">Lim\u00f3n<\/option><\/select><\/span><br \/>\n<label>Seleccion\u00e1 tu Susursal<\/label><br \/>\n<span class=\"wpcf7-form-control-wrap\" data-name=\"sucursales\"><select class=\"wpcf7-form-control wpcf7-select\" aria-invalid=\"false\" name=\"sucursales\"><option value=\"AutoStar Uruca\">AutoStar Uruca<\/option><option value=\"AutoStar Curridabat\">AutoStar Curridabat<\/option><option value=\"AutoStar Santa Ana\">AutoStar Santa Ana<\/option><option value=\"AutoStar San Carlos\">AutoStar San Carlos<\/option><\/select><\/span><br \/>\n<label>Tel\u00e9fono<\/label><br \/>\n<span class=\"wpcf7-form-control-wrap\" data-name=\"telefono\"><input size=\"40\" maxlength=\"400\" class=\"wpcf7-form-control wpcf7-text wpcf7-validates-as-required\" aria-required=\"true\" aria-invalid=\"false\" placeholder=\"Escrib\u00ed aqu\u00ed tu Tel\u00e9fono\" value=\"\" type=\"text\" name=\"telefono\" \/><\/span>\n<\/p>\n<h4>MENSAJE\n<\/h4>\n<p><label>Mensaje<\/label><br \/>\n<span class=\"wpcf7-form-control-wrap\" data-name=\"mensaje\"><textarea cols=\"40\" rows=\"10\" maxlength=\"2000\" class=\"wpcf7-form-control wpcf7-textarea wpcf7-validates-as-required\" aria-required=\"true\" aria-invalid=\"false\" placeholder=\"Escribe tu mensaje\" name=\"mensaje\"><\/textarea><\/span><br \/>\n<label><span class=\"wpcf7-form-control-wrap\" data-name=\"autorizacion\"><span class=\"wpcf7-form-control wpcf7-acceptance\"><span class=\"wpcf7-list-item\"><label><input type=\"checkbox\" name=\"autorizacion\" value=\"1\" aria-invalid=\"false\" \/><span class=\"wpcf7-list-item-label\">Autorizo el uso de mis datos personales<\/span><\/label><\/span><\/span><\/span><\/label><br \/>\n<label><span class=\"wpcf7-form-control-wrap\" data-name=\"terminos\"><span class=\"wpcf7-form-control wpcf7-acceptance\"><span class=\"wpcf7-list-item\"><label><input type=\"checkbox\" name=\"terminos\" value=\"1\" aria-invalid=\"false\" \/><span class=\"wpcf7-list-item-label\">Acepto los <a href=\"enter-policy-URL-here\" target=\"_blank\">T\u00e9rminos y Condiciones<\/a><\/span><\/label><\/span><\/span><\/span><\/label><br \/>\n<input class=\"wpcf7-form-control wpcf7-submit has-spinner\" type=\"submit\" value=\"Enviar\" \/>\n<\/p><div class=\"wpcf7-response-output\" aria-hidden=\"true\"><\/div>\n<\/form>\n<\/div>\n<\/div>\n\n\n\n<p><\/p>\n","protected":false},"excerpt":{"rendered":"<p>Contacto Dejanos tus datos y te contactaremos.<\/p>\n","protected":false},"author":1,"featured_media":0,"parent":0,"menu_order":0,"comment_status":"closed","ping_status":"closed","template":"","meta":{"_acf_changed":false,"_joinchat":[],"footnotes":""},"class_list":["post-74","page","type-page","status-publish","hentry"],"acf":[],"yoast_head":"<!-- This site is optimized with the Yoast SEO plugin v25.9 - https:\/\/yoast.com\/wordpress\/plugins\/seo\/ -->\n<title>Contacto - Fiat Costa Rica<\/title>\n<meta name=\"robots\" content=\"index, follow, max-snippet:-1, max-image-preview:large, max-video-preview:-1\" \/>\n<link rel=\"canonical\" href=\"https:\/\/www.fiatlatam.com\/cr\/contacto\/\" \/>\n<meta property=\"og:locale\" content=\"es_ES\" \/>\n<meta property=\"og:type\" content=\"article\" \/>\n<meta property=\"og:title\" content=\"Contacto - Fiat Costa Rica\" \/>\n<meta property=\"og:description\" content=\"Contacto Dejanos tus datos y te contactaremos.\" \/>\n<meta property=\"og:url\" content=\"https:\/\/www.fiatlatam.com\/cr\/contacto\/\" \/>\n<meta property=\"og:site_name\" content=\"Fiat Costa Rica\" \/>\n<meta property=\"article:modified_time\" content=\"2021-04-13T20:15:32+00:00\" \/>\n<meta name=\"twitter:card\" content=\"summary_large_image\" \/>\n<script type=\"application\/ld+json\" class=\"yoast-schema-graph\">{\"@context\":\"https:\/\/schema.org\",\"@graph\":[{\"@type\":\"WebPage\",\"@id\":\"https:\/\/www.fiatlatam.com\/cr\/contacto\/\",\"url\":\"https:\/\/www.fiatlatam.com\/cr\/contacto\/\",\"name\":\"Contacto - Fiat Costa Rica\",\"isPartOf\":{\"@id\":\"https:\/\/www.fiatlatam.com\/cr\/#website\"},\"datePublished\":\"2020-10-01T19:22:08+00:00\",\"dateModified\":\"2021-04-13T20:15:32+00:00\",\"inLanguage\":\"es-CL\",\"potentialAction\":[{\"@type\":\"ReadAction\",\"target\":[\"https:\/\/www.fiatlatam.com\/cr\/contacto\/\"]}]},{\"@type\":\"WebSite\",\"@id\":\"https:\/\/www.fiatlatam.com\/cr\/#website\",\"url\":\"https:\/\/www.fiatlatam.com\/cr\/\",\"name\":\"Fiat Costa Rica\",\"description\":\"\",\"publisher\":{\"@id\":\"https:\/\/www.fiatlatam.com\/cr\/#organization\"},\"potentialAction\":[{\"@type\":\"SearchAction\",\"target\":{\"@type\":\"EntryPoint\",\"urlTemplate\":\"https:\/\/www.fiatlatam.com\/cr\/?s={search_term_string}\"},\"query-input\":{\"@type\":\"PropertyValueSpecification\",\"valueRequired\":true,\"valueName\":\"search_term_string\"}}],\"inLanguage\":\"es-CL\"},{\"@type\":\"Organization\",\"@id\":\"https:\/\/www.fiatlatam.com\/cr\/#organization\",\"name\":\"Fiat Costa Rica\",\"url\":\"https:\/\/www.fiatlatam.com\/cr\/\",\"logo\":{\"@type\":\"ImageObject\",\"inLanguage\":\"es-CL\",\"@id\":\"https:\/\/www.fiatlatam.com\/cr\/#\/schema\/logo\/image\/\",\"url\":\"https:\/\/www.fiatlatam.com\/cr\/wp-content\/uploads\/sites\/10\/2021\/11\/cropped-fiat_flag.jpg\",\"contentUrl\":\"https:\/\/www.fiatlatam.com\/cr\/wp-content\/uploads\/sites\/10\/2021\/11\/cropped-fiat_flag.jpg\",\"width\":530,\"height\":530,\"caption\":\"Fiat Costa Rica\"},\"image\":{\"@id\":\"https:\/\/www.fiatlatam.com\/cr\/#\/schema\/logo\/image\/\"}}]}<\/script>\n<!-- \/ Yoast SEO plugin. -->","yoast_head_json":{"title":"Contacto - Fiat Costa Rica","robots":{"index":"index","follow":"follow","max-snippet":"max-snippet:-1","max-image-preview":"max-image-preview:large","max-video-preview":"max-video-preview:-1"},"canonical":"https:\/\/www.fiatlatam.com\/cr\/contacto\/","og_locale":"es_ES","og_type":"article","og_title":"Contacto - Fiat Costa Rica","og_description":"Contacto Dejanos tus datos y te contactaremos.","og_url":"https:\/\/www.fiatlatam.com\/cr\/contacto\/","og_site_name":"Fiat Costa Rica","article_modified_time":"2021-04-13T20:15:32+00:00","twitter_card":"summary_large_image","schema":{"@context":"https:\/\/schema.org","@graph":[{"@type":"WebPage","@id":"https:\/\/www.fiatlatam.com\/cr\/contacto\/","url":"https:\/\/www.fiatlatam.com\/cr\/contacto\/","name":"Contacto - Fiat Costa Rica","isPartOf":{"@id":"https:\/\/www.fiatlatam.com\/cr\/#website"},"datePublished":"2020-10-01T19:22:08+00:00","dateModified":"2021-04-13T20:15:32+00:00","inLanguage":"es-CL","potentialAction":[{"@type":"ReadAction","target":["https:\/\/www.fiatlatam.com\/cr\/contacto\/"]}]},{"@type":"WebSite","@id":"https:\/\/www.fiatlatam.com\/cr\/#website","url":"https:\/\/www.fiatlatam.com\/cr\/","name":"Fiat Costa Rica","description":"","publisher":{"@id":"https:\/\/www.fiatlatam.com\/cr\/#organization"},"potentialAction":[{"@type":"SearchAction","target":{"@type":"EntryPoint","urlTemplate":"https:\/\/www.fiatlatam.com\/cr\/?s={search_term_string}"},"query-input":{"@type":"PropertyValueSpecification","valueRequired":true,"valueName":"search_term_string"}}],"inLanguage":"es-CL"},{"@type":"Organization","@id":"https:\/\/www.fiatlatam.com\/cr\/#organization","name":"Fiat Costa Rica","url":"https:\/\/www.fiatlatam.com\/cr\/","logo":{"@type":"ImageObject","inLanguage":"es-CL","@id":"https:\/\/www.fiatlatam.com\/cr\/#\/schema\/logo\/image\/","url":"https:\/\/www.fiatlatam.com\/cr\/wp-content\/uploads\/sites\/10\/2021\/11\/cropped-fiat_flag.jpg","contentUrl":"https:\/\/www.fiatlatam.com\/cr\/wp-content\/uploads\/sites\/10\/2021\/11\/cropped-fiat_flag.jpg","width":530,"height":530,"caption":"Fiat Costa Rica"},"image":{"@id":"https:\/\/www.fiatlatam.com\/cr\/#\/schema\/logo\/image\/"}}]}},"_links":{"self":[{"href":"https:\/\/www.fiatlatam.com\/cr\/wp-json\/wp\/v2\/pages\/74","targetHints":{"allow":["GET"]}}],"collection":[{"href":"https:\/\/www.fiatlatam.com\/cr\/wp-json\/wp\/v2\/pages"}],"about":[{"href":"https:\/\/www.fiatlatam.com\/cr\/wp-json\/wp\/v2\/types\/page"}],"author":[{"embeddable":true,"href":"https:\/\/www.fiatlatam.com\/cr\/wp-json\/wp\/v2\/users\/1"}],"replies":[{"embeddable":true,"href":"https:\/\/www.fiatlatam.com\/cr\/wp-json\/wp\/v2\/comments?post=74"}],"version-history":[{"count":8,"href":"https:\/\/www.fiatlatam.com\/cr\/wp-json\/wp\/v2\/pages\/74\/revisions"}],"predecessor-version":[{"id":1743,"href":"https:\/\/www.fiatlatam.com\/cr\/wp-json\/wp\/v2\/pages\/74\/revisions\/1743"}],"wp:attachment":[{"href":"https:\/\/www.fiatlatam.com\/cr\/wp-json\/wp\/v2\/media?parent=74"}],"curies":[{"name":"wp","href":"https:\/\/api.w.org\/{rel}","templated":true}]}}