{"id":1119,"date":"2020-11-27T12:03:42","date_gmt":"2020-11-27T15:03:42","guid":{"rendered":"https:\/\/www.fiatlatam.com\/cr\/?page_id=1119"},"modified":"2021-03-19T20:21:03","modified_gmt":"2021-03-19T23:21:03","slug":"bases-terminos-y-condiciones","status":"publish","type":"page","link":"https:\/\/www.fiatlatam.com\/cr\/bases-terminos-y-condiciones\/","title":{"rendered":"Bases, t\u00e9rminos y condiciones"},"content":{"rendered":"\n<p><\/p>\n\n\n\n<h2 class=\"wp-block-heading\">Bases, t\u00e9rminos y condiciones<\/h2>\n\n\n\n<p>Finalidad que se le dar\u00e1 a la informaci\u00f3n proporcionada por las personas f\u00edsicas (en adelante el\/los \u201c<strong>usuario(s)<\/strong>\u201d) que hacen uso del sitio web:<\/p>\n\n\n\n<p><br>Los datos personales contenidos en la informaci\u00f3n que el usuario ingresa voluntariamente a nuestro sitio web (en adelante el \u201c<strong>Sitio<\/strong>\u201d), son almacenados y utilizados en una base de datos de car\u00e1cter personal propiedad de <strong>AutoStar Veh\u00edculos S.A.<\/strong> (en adelante \u201c<strong>AUTOSTAR<\/strong>\u201d), c\u00e9dula jur\u00eddica 3-101-336780, con domicilio en Costa Rica, San Jos\u00e9, frente a la sucursal Banco Nacional en la Uruca, para proveerle al usuario un servicio personalizado y acorde a sus necesidades.<br>En consecuencia, al hacer uso del sitio web o proveer informaci\u00f3n por el mismo, el usuario otorga su consentimiento expreso e informado a AUTOSTAR para hacer uso y realizar el tratamiento y almacenamiento de los datos personales que aquel nos proporcione, con la finalidad del env\u00edo de anuncios comerciales, la comercializaci\u00f3n de productos y servicios, el mantenimiento de la relaci\u00f3n contractual y de gesti\u00f3n, la creaci\u00f3n de perfiles personalizados, la adecuaci\u00f3n de las ofertas comerciales, y la transferencia de sus datos personales a terceros. Asimismo, el usuario autoriza a AUTOSTAR a realizar la cesi\u00f3n de la informaci\u00f3n a terceros vinculados a AUTOSTAR. AUTOSTAR garantiza el mantenimiento de la confidencialidad y el tratamiento seguro de la informaci\u00f3n en las transferencias internacionales que pudieran realizarse, de conformidad con lo estipulado por la Ley N\u00ba 8968, Ley de Protecci\u00f3n de la Persona frente al tratamiento de sus datos personales.<\/p>\n\n\n\n<p><br>El usuario da su consentimiento para recibir llamadas telef\u00f3nicas, mensajes de texto a celular o mensajes electr\u00f3nicos, incluyendo los masivos, de promoci\u00f3n de productos y\/o servicios que comercialice AUTOSTAR. Esta autorizaci\u00f3n podr\u00e1 ser revocada mediante comunicaci\u00f3n escrita dirigida a AUTOSTAR, al correo electr\u00f3nico:&nbsp;<a href=\"mailto:servicioalcliente@autostar.cr\">servicioalcliente@autostar.cr<\/a>, con un pre aviso no menor de 5 d\u00edas calendario.<\/p>\n\n\n\n<p><strong><u>Confidencialidad de la Informaci\u00f3n<\/u><\/strong><\/p>\n\n\n\n<p>AUTOSTAR queda autorizado a compartir la informaci\u00f3n personal ingresada voluntariamente por el usuario entre sus empresas vinculadas y f\u00e1brica(s) a la(s) que representa.<\/p>\n\n\n\n<p><strong><u>Modificaci\u00f3n y actualizaci\u00f3n de la informaci\u00f3n personal<\/u><\/strong><\/p>\n\n\n\n<p><br>El usuario puede ejercer en cualquier momento, de acuerdo a la legislaci\u00f3n vigente, los derechos de informaci\u00f3n, acceso, actualizaci\u00f3n, inclusi\u00f3n, rectificaci\u00f3n, supresi\u00f3n y oposici\u00f3n sobre sus datos personales, enviando una comunicaci\u00f3n al correo electr\u00f3nico:&nbsp;<a href=\"mailto:servicioalcliente@autostar.cr\">servicioalcliente@autostar.cr<\/a>.<\/p>\n\n\n\n<p>Es entendido que la negativa del usuario a proporcionar la informaci\u00f3n requerida o la rescisi\u00f3n al acceso de la informaci\u00f3n puede implicar la imposibilidad de AUTOSTAR de continuar brindando un servicio personalizado y ofertas espec\u00edficas para el usuario.<\/p>\n\n\n\n<p><strong><u>Protecci\u00f3n de la Informaci\u00f3n Personal<\/u><\/strong><\/p>\n\n\n\n<p>La informaci\u00f3n proporcionada por los visitantes, est\u00e1 asegurada por AUTOSTAR y, en el caso de los usuarios registrados, estos cuentan con una clave de acceso a la cual s\u00f3lo ellos podr\u00e1n acceder y administrar y de la cual s\u00f3lo deben tener conocimiento personal. El usuario registrado es el \u00fanico responsable de mantener en secreto su clave y la informaci\u00f3n de su cuenta. Para disminuir los riesgos, AUTOSTAR recomienda al usuario registrado salir de su cuenta y cerrar la ventana de su navegador cuando finalice su actividad, m\u00e1s a\u00fan si comparte su computador.<\/p>\n\n\n\n<p><strong><u>Anuencia del usuario a proporcionar informaci\u00f3n<\/u><\/strong><\/p>\n\n\n\n<p>Los datos personales e informaci\u00f3n de los usuarios para las finalidades arriba descritas se hacen con base en su consentimiento y es facultativo, es decir, que los usuarios pueden optar por no otorgar la informaci\u00f3n en el Sitio cuando esta sea solicitada, e inclusive solicitar la remoci\u00f3n o actualizaci\u00f3n de los datos previamente aportados en cualquier momento. No obstante lo anterior, es entendido que la autorizaci\u00f3n para el uso de la informaci\u00f3n que se indica en este documento es requerido por AUTOSTAR con la finalidad de mejorar la experiencia del usuario como cliente o propietario de productos de la marca, raz\u00f3n por la cual su atenci\u00f3n podr\u00eda verse perjudicada de no otorgarse la informaci\u00f3n o si esta fuere revocada.<\/p>\n","protected":false},"excerpt":{"rendered":"<p>Bases, t\u00e9rminos y condiciones Finalidad que se le dar\u00e1 a la informaci\u00f3n proporcionada por las personas f\u00edsicas (en adelante el\/los \u201cusuario(s)\u201d) que hacen uso del sitio web: Los datos personales contenidos en la informaci\u00f3n que el usuario ingresa voluntariamente a nuestro sitio web (en adelante el \u201cSitio\u201d), son almacenados y utilizados en una base de [&hellip;]<\/p>\n","protected":false},"author":1,"featured_media":0,"parent":0,"menu_order":0,"comment_status":"closed","ping_status":"closed","template":"","meta":{"_acf_changed":false,"_joinchat":[],"footnotes":""},"class_list":["post-1119","page","type-page","status-publish","hentry"],"acf":[],"yoast_head":"<!-- This site is optimized with the Yoast SEO plugin v25.9 - https:\/\/yoast.com\/wordpress\/plugins\/seo\/ -->\n<title>Bases, t\u00e9rminos y condiciones - Fiat Costa Rica<\/title>\n<meta name=\"robots\" content=\"index, follow, max-snippet:-1, max-image-preview:large, max-video-preview:-1\" \/>\n<link rel=\"canonical\" href=\"https:\/\/www.fiatlatam.com\/cr\/bases-terminos-y-condiciones\/\" \/>\n<meta property=\"og:locale\" content=\"es_ES\" \/>\n<meta property=\"og:type\" content=\"article\" \/>\n<meta property=\"og:title\" content=\"Bases, t\u00e9rminos y condiciones - Fiat Costa Rica\" \/>\n<meta property=\"og:description\" content=\"Bases, t\u00e9rminos y condiciones Finalidad que se le dar\u00e1 a la informaci\u00f3n proporcionada por las personas f\u00edsicas (en adelante el\/los \u201cusuario(s)\u201d) que hacen uso del sitio web: Los datos personales contenidos en la informaci\u00f3n que el usuario ingresa voluntariamente a nuestro sitio web (en adelante el \u201cSitio\u201d), son almacenados y utilizados en una base de [&hellip;]\" \/>\n<meta property=\"og:url\" content=\"https:\/\/www.fiatlatam.com\/cr\/bases-terminos-y-condiciones\/\" \/>\n<meta property=\"og:site_name\" content=\"Fiat Costa Rica\" \/>\n<meta property=\"article:modified_time\" content=\"2021-03-19T23:21:03+00:00\" \/>\n<meta name=\"twitter:card\" content=\"summary_large_image\" \/>\n<meta name=\"twitter:label1\" content=\"Tiempo estimado de lectura\" \/>\n\t<meta name=\"twitter:data1\" content=\"4 minutos\" \/>\n<script type=\"application\/ld+json\" class=\"yoast-schema-graph\">{\"@context\":\"https:\/\/schema.org\",\"@graph\":[{\"@type\":\"WebPage\",\"@id\":\"https:\/\/www.fiatlatam.com\/cr\/bases-terminos-y-condiciones\/\",\"url\":\"https:\/\/www.fiatlatam.com\/cr\/bases-terminos-y-condiciones\/\",\"name\":\"Bases, t\u00e9rminos y condiciones - Fiat Costa Rica\",\"isPartOf\":{\"@id\":\"https:\/\/www.fiatlatam.com\/cr\/#website\"},\"datePublished\":\"2020-11-27T15:03:42+00:00\",\"dateModified\":\"2021-03-19T23:21:03+00:00\",\"inLanguage\":\"es-CL\",\"potentialAction\":[{\"@type\":\"ReadAction\",\"target\":[\"https:\/\/www.fiatlatam.com\/cr\/bases-terminos-y-condiciones\/\"]}]},{\"@type\":\"WebSite\",\"@id\":\"https:\/\/www.fiatlatam.com\/cr\/#website\",\"url\":\"https:\/\/www.fiatlatam.com\/cr\/\",\"name\":\"Fiat Costa Rica\",\"description\":\"\",\"publisher\":{\"@id\":\"https:\/\/www.fiatlatam.com\/cr\/#organization\"},\"potentialAction\":[{\"@type\":\"SearchAction\",\"target\":{\"@type\":\"EntryPoint\",\"urlTemplate\":\"https:\/\/www.fiatlatam.com\/cr\/?s={search_term_string}\"},\"query-input\":{\"@type\":\"PropertyValueSpecification\",\"valueRequired\":true,\"valueName\":\"search_term_string\"}}],\"inLanguage\":\"es-CL\"},{\"@type\":\"Organization\",\"@id\":\"https:\/\/www.fiatlatam.com\/cr\/#organization\",\"name\":\"Fiat Costa Rica\",\"url\":\"https:\/\/www.fiatlatam.com\/cr\/\",\"logo\":{\"@type\":\"ImageObject\",\"inLanguage\":\"es-CL\",\"@id\":\"https:\/\/www.fiatlatam.com\/cr\/#\/schema\/logo\/image\/\",\"url\":\"https:\/\/www.fiatlatam.com\/cr\/wp-content\/uploads\/sites\/10\/2021\/11\/cropped-fiat_flag.jpg\",\"contentUrl\":\"https:\/\/www.fiatlatam.com\/cr\/wp-content\/uploads\/sites\/10\/2021\/11\/cropped-fiat_flag.jpg\",\"width\":530,\"height\":530,\"caption\":\"Fiat Costa Rica\"},\"image\":{\"@id\":\"https:\/\/www.fiatlatam.com\/cr\/#\/schema\/logo\/image\/\"}}]}<\/script>\n<!-- \/ Yoast SEO plugin. -->","yoast_head_json":{"title":"Bases, t\u00e9rminos y condiciones - Fiat Costa Rica","robots":{"index":"index","follow":"follow","max-snippet":"max-snippet:-1","max-image-preview":"max-image-preview:large","max-video-preview":"max-video-preview:-1"},"canonical":"https:\/\/www.fiatlatam.com\/cr\/bases-terminos-y-condiciones\/","og_locale":"es_ES","og_type":"article","og_title":"Bases, t\u00e9rminos y condiciones - Fiat Costa Rica","og_description":"Bases, t\u00e9rminos y condiciones Finalidad que se le dar\u00e1 a la informaci\u00f3n proporcionada por las personas f\u00edsicas (en adelante el\/los \u201cusuario(s)\u201d) que hacen uso del sitio web: Los datos personales contenidos en la informaci\u00f3n que el usuario ingresa voluntariamente a nuestro sitio web (en adelante el \u201cSitio\u201d), son almacenados y utilizados en una base de [&hellip;]","og_url":"https:\/\/www.fiatlatam.com\/cr\/bases-terminos-y-condiciones\/","og_site_name":"Fiat Costa Rica","article_modified_time":"2021-03-19T23:21:03+00:00","twitter_card":"summary_large_image","twitter_misc":{"Tiempo estimado de lectura":"4 minutos"},"schema":{"@context":"https:\/\/schema.org","@graph":[{"@type":"WebPage","@id":"https:\/\/www.fiatlatam.com\/cr\/bases-terminos-y-condiciones\/","url":"https:\/\/www.fiatlatam.com\/cr\/bases-terminos-y-condiciones\/","name":"Bases, t\u00e9rminos y condiciones - Fiat Costa Rica","isPartOf":{"@id":"https:\/\/www.fiatlatam.com\/cr\/#website"},"datePublished":"2020-11-27T15:03:42+00:00","dateModified":"2021-03-19T23:21:03+00:00","inLanguage":"es-CL","potentialAction":[{"@type":"ReadAction","target":["https:\/\/www.fiatlatam.com\/cr\/bases-terminos-y-condiciones\/"]}]},{"@type":"WebSite","@id":"https:\/\/www.fiatlatam.com\/cr\/#website","url":"https:\/\/www.fiatlatam.com\/cr\/","name":"Fiat Costa Rica","description":"","publisher":{"@id":"https:\/\/www.fiatlatam.com\/cr\/#organization"},"potentialAction":[{"@type":"SearchAction","target":{"@type":"EntryPoint","urlTemplate":"https:\/\/www.fiatlatam.com\/cr\/?s={search_term_string}"},"query-input":{"@type":"PropertyValueSpecification","valueRequired":true,"valueName":"search_term_string"}}],"inLanguage":"es-CL"},{"@type":"Organization","@id":"https:\/\/www.fiatlatam.com\/cr\/#organization","name":"Fiat Costa Rica","url":"https:\/\/www.fiatlatam.com\/cr\/","logo":{"@type":"ImageObject","inLanguage":"es-CL","@id":"https:\/\/www.fiatlatam.com\/cr\/#\/schema\/logo\/image\/","url":"https:\/\/www.fiatlatam.com\/cr\/wp-content\/uploads\/sites\/10\/2021\/11\/cropped-fiat_flag.jpg","contentUrl":"https:\/\/www.fiatlatam.com\/cr\/wp-content\/uploads\/sites\/10\/2021\/11\/cropped-fiat_flag.jpg","width":530,"height":530,"caption":"Fiat Costa Rica"},"image":{"@id":"https:\/\/www.fiatlatam.com\/cr\/#\/schema\/logo\/image\/"}}]}},"_links":{"self":[{"href":"https:\/\/www.fiatlatam.com\/cr\/wp-json\/wp\/v2\/pages\/1119","targetHints":{"allow":["GET"]}}],"collection":[{"href":"https:\/\/www.fiatlatam.com\/cr\/wp-json\/wp\/v2\/pages"}],"about":[{"href":"https:\/\/www.fiatlatam.com\/cr\/wp-json\/wp\/v2\/types\/page"}],"author":[{"embeddable":true,"href":"https:\/\/www.fiatlatam.com\/cr\/wp-json\/wp\/v2\/users\/1"}],"replies":[{"embeddable":true,"href":"https:\/\/www.fiatlatam.com\/cr\/wp-json\/wp\/v2\/comments?post=1119"}],"version-history":[{"count":7,"href":"https:\/\/www.fiatlatam.com\/cr\/wp-json\/wp\/v2\/pages\/1119\/revisions"}],"predecessor-version":[{"id":1609,"href":"https:\/\/www.fiatlatam.com\/cr\/wp-json\/wp\/v2\/pages\/1119\/revisions\/1609"}],"wp:attachment":[{"href":"https:\/\/www.fiatlatam.com\/cr\/wp-json\/wp\/v2\/media?parent=1119"}],"curies":[{"name":"wp","href":"https:\/\/api.w.org\/{rel}","templated":true}]}}